{"id":2261,"date":"2021-03-24T00:00:59","date_gmt":"2021-03-23T23:00:59","guid":{"rendered":"https:\/\/bijouti.com\/?post_type=product&#038;p=2261"},"modified":"2024-02-10T14:39:51","modified_gmt":"2024-02-10T13:39:51","slug":"collar-y-pulsera-tres-cristales","status":"publish","type":"product","link":"https:\/\/bijouti.com\/fr\/shop\/collar-y-pulsera-tres-cristales\/","title":{"rendered":"Collier Bracelet Trois Cristaux"},"content":{"rendered":"<p>Collier Cha\u00eene et Bracelet Trois Cristaux colissants, en acier inoxydable. Bijoux de luxe \u00e9l\u00e9gants pour femmes et filles.<\/p>","protected":false},"excerpt":{"rendered":"<p>Collier Cha\u00eene et Bracelet Trois Cristaux colissants, en acier inoxydable. Bijoux de luxe \u00e9l\u00e9gants pour femmes et filles.<\/p>","protected":false},"featured_media":2278,"template":"","meta":{"_monsterinsights_skip_tracking":false,"_monsterinsights_sitenote_active":false,"_monsterinsights_sitenote_note":"","_monsterinsights_sitenote_category":0},"product_brand":[],"product_cat":[47],"product_tag":[],"class_list":{"0":"post-2261","1":"product","2":"type-product","3":"status-publish","4":"has-post-thumbnail","6":"product_cat-conjuntos","7":"it-has-gallery","9":"first","10":"instock","11":"taxable","12":"shipping-taxable","13":"purchasable","14":"product-type-variable"},"yoast_head":"<!-- This site is optimized with the Yoast SEO plugin v24.5 - https:\/\/yoast.com\/wordpress\/plugins\/seo\/ -->\n<title>Collar y Pulsera Tres Cristales - Bijouti<\/title>\n<meta name=\"robots\" content=\"index, follow, max-snippet:-1, max-image-preview:large, max-video-preview:-1\" \/>\n<link rel=\"canonical\" href=\"https:\/\/bijouti.com\/fr\/shop\/collar-y-pulsera-tres-cristales\/\" \/>\n<meta property=\"og:locale\" content=\"fr_FR\" \/>\n<meta property=\"og:type\" content=\"article\" \/>\n<meta property=\"og:title\" content=\"Collar y Pulsera Tres Cristales - Bijouti\" \/>\n<meta property=\"og:description\" content=\"Collar y Pulsera de Cadena Tres Cristales en acero inoxidable. Joyeria de lujo elegante para mujer y chica.\" \/>\n<meta property=\"og:url\" content=\"https:\/\/bijouti.com\/fr\/shop\/collar-y-pulsera-tres-cristales\/\" \/>\n<meta property=\"og:site_name\" content=\"Bijouti\" \/>\n<meta property=\"article:modified_time\" content=\"2024-02-10T13:39:51+00:00\" \/>\n<meta property=\"og:image\" content=\"https:\/\/bijouti.com\/wp-content\/uploads\/2021\/03\/set_5_3.jpg\" \/>\n\t<meta property=\"og:image:width\" content=\"800\" \/>\n\t<meta property=\"og:image:height\" content=\"800\" \/>\n\t<meta property=\"og:image:type\" content=\"image\/jpeg\" \/>\n<meta name=\"twitter:card\" content=\"summary_large_image\" \/>\n<script type=\"application\/ld+json\" class=\"yoast-schema-graph\">{\"@context\":\"https:\/\/schema.org\",\"@graph\":[{\"@type\":\"WebPage\",\"@id\":\"https:\/\/bijouti.com\/fr\/shop\/collar-y-pulsera-tres-cristales\/\",\"url\":\"https:\/\/bijouti.com\/fr\/shop\/collar-y-pulsera-tres-cristales\/\",\"name\":\"Collar y Pulsera Tres Cristales - Bijouti\",\"isPartOf\":{\"@id\":\"https:\/\/bijouti.com\/#website\"},\"primaryImageOfPage\":{\"@id\":\"https:\/\/bijouti.com\/fr\/shop\/collar-y-pulsera-tres-cristales\/#primaryimage\"},\"image\":{\"@id\":\"https:\/\/bijouti.com\/fr\/shop\/collar-y-pulsera-tres-cristales\/#primaryimage\"},\"thumbnailUrl\":\"https:\/\/bijouti.com\/wp-content\/uploads\/2021\/03\/set_5_3.jpg\",\"datePublished\":\"2021-03-23T23:00:59+00:00\",\"dateModified\":\"2024-02-10T13:39:51+00:00\",\"breadcrumb\":{\"@id\":\"https:\/\/bijouti.com\/fr\/shop\/collar-y-pulsera-tres-cristales\/#breadcrumb\"},\"inLanguage\":\"fr-FR\",\"potentialAction\":[{\"@type\":\"ReadAction\",\"target\":[\"https:\/\/bijouti.com\/fr\/shop\/collar-y-pulsera-tres-cristales\/\"]}]},{\"@type\":\"ImageObject\",\"inLanguage\":\"fr-FR\",\"@id\":\"https:\/\/bijouti.com\/fr\/shop\/collar-y-pulsera-tres-cristales\/#primaryimage\",\"url\":\"https:\/\/bijouti.com\/wp-content\/uploads\/2021\/03\/set_5_3.jpg\",\"contentUrl\":\"https:\/\/bijouti.com\/wp-content\/uploads\/2021\/03\/set_5_3.jpg\",\"width\":800,\"height\":800},{\"@type\":\"BreadcrumbList\",\"@id\":\"https:\/\/bijouti.com\/fr\/shop\/collar-y-pulsera-tres-cristales\/#breadcrumb\",\"itemListElement\":[{\"@type\":\"ListItem\",\"position\":1,\"name\":\"Portada\",\"item\":\"https:\/\/bijouti.com\/\"},{\"@type\":\"ListItem\",\"position\":2,\"name\":\"Tienda\",\"item\":\"https:\/\/bijouti.com\/shop\/\"},{\"@type\":\"ListItem\",\"position\":3,\"name\":\"Collar y Pulsera Tres Cristales\"}]},{\"@type\":\"WebSite\",\"@id\":\"https:\/\/bijouti.com\/#website\",\"url\":\"https:\/\/bijouti.com\/\",\"name\":\"Bijouti\",\"description\":\"Bijouti - Quality Jewelry\",\"publisher\":{\"@id\":\"https:\/\/bijouti.com\/#organization\"},\"potentialAction\":[{\"@type\":\"SearchAction\",\"target\":{\"@type\":\"EntryPoint\",\"urlTemplate\":\"https:\/\/bijouti.com\/?s={search_term_string}\"},\"query-input\":{\"@type\":\"PropertyValueSpecification\",\"valueRequired\":true,\"valueName\":\"search_term_string\"}}],\"inLanguage\":\"fr-FR\"},{\"@type\":\"Organization\",\"@id\":\"https:\/\/bijouti.com\/#organization\",\"name\":\"Bijouti\",\"url\":\"https:\/\/bijouti.com\/\",\"logo\":{\"@type\":\"ImageObject\",\"inLanguage\":\"fr-FR\",\"@id\":\"https:\/\/bijouti.com\/#\/schema\/logo\/image\/\",\"url\":\"https:\/\/bijouti.com\/wp-content\/uploads\/2020\/12\/bijouti_small.png\",\"contentUrl\":\"https:\/\/bijouti.com\/wp-content\/uploads\/2020\/12\/bijouti_small.png\",\"width\":200,\"height\":60,\"caption\":\"Bijouti\"},\"image\":{\"@id\":\"https:\/\/bijouti.com\/#\/schema\/logo\/image\/\"}}]}<\/script>\n<!-- \/ Yoast SEO plugin. -->","yoast_head_json":{"title":"Collar y Pulsera Tres Cristales - Bijouti","robots":{"index":"index","follow":"follow","max-snippet":"max-snippet:-1","max-image-preview":"max-image-preview:large","max-video-preview":"max-video-preview:-1"},"canonical":"https:\/\/bijouti.com\/fr\/shop\/collar-y-pulsera-tres-cristales\/","og_locale":"fr_FR","og_type":"article","og_title":"Collar y Pulsera Tres Cristales - Bijouti","og_description":"Collar y Pulsera de Cadena Tres Cristales en acero inoxidable. Joyeria de lujo elegante para mujer y chica.","og_url":"https:\/\/bijouti.com\/fr\/shop\/collar-y-pulsera-tres-cristales\/","og_site_name":"Bijouti","article_modified_time":"2024-02-10T13:39:51+00:00","og_image":[{"width":800,"height":800,"url":"https:\/\/bijouti.com\/wp-content\/uploads\/2021\/03\/set_5_3.jpg","type":"image\/jpeg"}],"twitter_card":"summary_large_image","schema":{"@context":"https:\/\/schema.org","@graph":[{"@type":"WebPage","@id":"https:\/\/bijouti.com\/fr\/shop\/collar-y-pulsera-tres-cristales\/","url":"https:\/\/bijouti.com\/fr\/shop\/collar-y-pulsera-tres-cristales\/","name":"Collar y Pulsera Tres Cristales - Bijouti","isPartOf":{"@id":"https:\/\/bijouti.com\/#website"},"primaryImageOfPage":{"@id":"https:\/\/bijouti.com\/fr\/shop\/collar-y-pulsera-tres-cristales\/#primaryimage"},"image":{"@id":"https:\/\/bijouti.com\/fr\/shop\/collar-y-pulsera-tres-cristales\/#primaryimage"},"thumbnailUrl":"https:\/\/bijouti.com\/wp-content\/uploads\/2021\/03\/set_5_3.jpg","datePublished":"2021-03-23T23:00:59+00:00","dateModified":"2024-02-10T13:39:51+00:00","breadcrumb":{"@id":"https:\/\/bijouti.com\/fr\/shop\/collar-y-pulsera-tres-cristales\/#breadcrumb"},"inLanguage":"fr-FR","potentialAction":[{"@type":"ReadAction","target":["https:\/\/bijouti.com\/fr\/shop\/collar-y-pulsera-tres-cristales\/"]}]},{"@type":"ImageObject","inLanguage":"fr-FR","@id":"https:\/\/bijouti.com\/fr\/shop\/collar-y-pulsera-tres-cristales\/#primaryimage","url":"https:\/\/bijouti.com\/wp-content\/uploads\/2021\/03\/set_5_3.jpg","contentUrl":"https:\/\/bijouti.com\/wp-content\/uploads\/2021\/03\/set_5_3.jpg","width":800,"height":800},{"@type":"BreadcrumbList","@id":"https:\/\/bijouti.com\/fr\/shop\/collar-y-pulsera-tres-cristales\/#breadcrumb","itemListElement":[{"@type":"ListItem","position":1,"name":"Portada","item":"https:\/\/bijouti.com\/"},{"@type":"ListItem","position":2,"name":"Tienda","item":"https:\/\/bijouti.com\/shop\/"},{"@type":"ListItem","position":3,"name":"Collar y Pulsera Tres Cristales"}]},{"@type":"WebSite","@id":"https:\/\/bijouti.com\/#website","url":"https:\/\/bijouti.com\/","name":"Bijouti","description":"Bijouti - Quality Jewelry","publisher":{"@id":"https:\/\/bijouti.com\/#organization"},"potentialAction":[{"@type":"SearchAction","target":{"@type":"EntryPoint","urlTemplate":"https:\/\/bijouti.com\/?s={search_term_string}"},"query-input":{"@type":"PropertyValueSpecification","valueRequired":true,"valueName":"search_term_string"}}],"inLanguage":"fr-FR"},{"@type":"Organization","@id":"https:\/\/bijouti.com\/#organization","name":"Bijouti","url":"https:\/\/bijouti.com\/","logo":{"@type":"ImageObject","inLanguage":"fr-FR","@id":"https:\/\/bijouti.com\/#\/schema\/logo\/image\/","url":"https:\/\/bijouti.com\/wp-content\/uploads\/2020\/12\/bijouti_small.png","contentUrl":"https:\/\/bijouti.com\/wp-content\/uploads\/2020\/12\/bijouti_small.png","width":200,"height":60,"caption":"Bijouti"},"image":{"@id":"https:\/\/bijouti.com\/#\/schema\/logo\/image\/"}}]}},"_links":{"self":[{"href":"https:\/\/bijouti.com\/fr\/wp-json\/wp\/v2\/product\/2261","targetHints":{"allow":["GET"]}}],"collection":[{"href":"https:\/\/bijouti.com\/fr\/wp-json\/wp\/v2\/product"}],"about":[{"href":"https:\/\/bijouti.com\/fr\/wp-json\/wp\/v2\/types\/product"}],"wp:featuredmedia":[{"embeddable":true,"href":"https:\/\/bijouti.com\/fr\/wp-json\/wp\/v2\/media\/2278"}],"wp:attachment":[{"href":"https:\/\/bijouti.com\/fr\/wp-json\/wp\/v2\/media?parent=2261"}],"wp:term":[{"taxonomy":"product_brand","embeddable":true,"href":"https:\/\/bijouti.com\/fr\/wp-json\/wp\/v2\/product_brand?post=2261"},{"taxonomy":"product_cat","embeddable":true,"href":"https:\/\/bijouti.com\/fr\/wp-json\/wp\/v2\/product_cat?post=2261"},{"taxonomy":"product_tag","embeddable":true,"href":"https:\/\/bijouti.com\/fr\/wp-json\/wp\/v2\/product_tag?post=2261"}],"curies":[{"name":"wp","href":"https:\/\/api.w.org\/{rel}","templated":true}]}}