{"id":1476,"date":"2021-01-10T15:19:05","date_gmt":"2021-01-10T14:19:05","guid":{"rendered":"https:\/\/bijouti.com\/?post_type=product&#038;p=1476"},"modified":"2024-02-10T15:20:02","modified_gmt":"2024-02-10T14:20:02","slug":"conjunto-corazon-bohemios","status":"publish","type":"product","link":"https:\/\/bijouti.com\/fr\/shop\/conjunto-corazon-bohemios\/","title":{"rendered":"Ensemble Coeur Boh\u00e8me"},"content":{"rendered":"<p>Ensemble Coeur Boh\u00e8me. Collier, Bracelet et Boucles d'Oreilles en forme de coeur avec cristaux en acier inoxydable pour femme.<\/p>","protected":false},"excerpt":{"rendered":"<p>Ensemble Coeur Boh\u00e8me. Collier, Bracelet et Boucles d'Oreilles en forme de coeur avec cristaux en acier inoxydable pour femme.<\/p>","protected":false},"featured_media":1477,"template":"","meta":{"_monsterinsights_skip_tracking":false,"_monsterinsights_sitenote_active":false,"_monsterinsights_sitenote_note":"","_monsterinsights_sitenote_category":0},"product_brand":[],"product_cat":[47],"product_tag":[],"class_list":{"0":"post-1476","1":"product","2":"type-product","3":"status-publish","4":"has-post-thumbnail","6":"product_cat-conjuntos","7":"it-has-gallery","9":"first","10":"instock","11":"taxable","12":"shipping-taxable","13":"purchasable","14":"product-type-variable"},"yoast_head":"<!-- This site is optimized with the Yoast SEO plugin v24.5 - https:\/\/yoast.com\/wordpress\/plugins\/seo\/ -->\n<title>Conjunto Coraz\u00f3n Bohemios - Bijouti<\/title>\n<meta name=\"robots\" content=\"index, follow, max-snippet:-1, max-image-preview:large, max-video-preview:-1\" \/>\n<link rel=\"canonical\" href=\"https:\/\/bijouti.com\/fr\/shop\/conjunto-corazon-bohemios\/\" \/>\n<meta property=\"og:locale\" content=\"fr_FR\" \/>\n<meta property=\"og:type\" content=\"article\" \/>\n<meta property=\"og:title\" content=\"Conjunto Coraz\u00f3n Bohemios - Bijouti\" \/>\n<meta property=\"og:description\" content=\"Conjunto Coraz\u00f3n Bohemios. Collar, Pulsera y Pendientes Coraz\u00f3n de acero inoxidable para mujer.\" \/>\n<meta property=\"og:url\" content=\"https:\/\/bijouti.com\/fr\/shop\/conjunto-corazon-bohemios\/\" \/>\n<meta property=\"og:site_name\" content=\"Bijouti\" \/>\n<meta property=\"article:modified_time\" content=\"2024-02-10T14:20:02+00:00\" \/>\n<meta property=\"og:image\" content=\"https:\/\/bijouti.com\/wp-content\/uploads\/2021\/01\/set_8_1.jpg\" \/>\n\t<meta property=\"og:image:width\" content=\"800\" \/>\n\t<meta property=\"og:image:height\" content=\"800\" \/>\n\t<meta property=\"og:image:type\" content=\"image\/jpeg\" \/>\n<meta name=\"twitter:card\" content=\"summary_large_image\" \/>\n<script type=\"application\/ld+json\" class=\"yoast-schema-graph\">{\"@context\":\"https:\/\/schema.org\",\"@graph\":[{\"@type\":\"WebPage\",\"@id\":\"https:\/\/bijouti.com\/fr\/shop\/conjunto-corazon-bohemios\/\",\"url\":\"https:\/\/bijouti.com\/fr\/shop\/conjunto-corazon-bohemios\/\",\"name\":\"Conjunto Coraz\u00f3n Bohemios - Bijouti\",\"isPartOf\":{\"@id\":\"https:\/\/bijouti.com\/#website\"},\"primaryImageOfPage\":{\"@id\":\"https:\/\/bijouti.com\/fr\/shop\/conjunto-corazon-bohemios\/#primaryimage\"},\"image\":{\"@id\":\"https:\/\/bijouti.com\/fr\/shop\/conjunto-corazon-bohemios\/#primaryimage\"},\"thumbnailUrl\":\"https:\/\/bijouti.com\/wp-content\/uploads\/2021\/01\/set_8_1.jpg\",\"datePublished\":\"2021-01-10T14:19:05+00:00\",\"dateModified\":\"2024-02-10T14:20:02+00:00\",\"breadcrumb\":{\"@id\":\"https:\/\/bijouti.com\/fr\/shop\/conjunto-corazon-bohemios\/#breadcrumb\"},\"inLanguage\":\"fr-FR\",\"potentialAction\":[{\"@type\":\"ReadAction\",\"target\":[\"https:\/\/bijouti.com\/fr\/shop\/conjunto-corazon-bohemios\/\"]}]},{\"@type\":\"ImageObject\",\"inLanguage\":\"fr-FR\",\"@id\":\"https:\/\/bijouti.com\/fr\/shop\/conjunto-corazon-bohemios\/#primaryimage\",\"url\":\"https:\/\/bijouti.com\/wp-content\/uploads\/2021\/01\/set_8_1.jpg\",\"contentUrl\":\"https:\/\/bijouti.com\/wp-content\/uploads\/2021\/01\/set_8_1.jpg\",\"width\":800,\"height\":800},{\"@type\":\"BreadcrumbList\",\"@id\":\"https:\/\/bijouti.com\/fr\/shop\/conjunto-corazon-bohemios\/#breadcrumb\",\"itemListElement\":[{\"@type\":\"ListItem\",\"position\":1,\"name\":\"Portada\",\"item\":\"https:\/\/bijouti.com\/\"},{\"@type\":\"ListItem\",\"position\":2,\"name\":\"Tienda\",\"item\":\"https:\/\/bijouti.com\/shop\/\"},{\"@type\":\"ListItem\",\"position\":3,\"name\":\"Conjunto Coraz\u00f3n Bohemios\"}]},{\"@type\":\"WebSite\",\"@id\":\"https:\/\/bijouti.com\/#website\",\"url\":\"https:\/\/bijouti.com\/\",\"name\":\"Bijouti\",\"description\":\"Bijouti - Quality Jewelry\",\"publisher\":{\"@id\":\"https:\/\/bijouti.com\/#organization\"},\"potentialAction\":[{\"@type\":\"SearchAction\",\"target\":{\"@type\":\"EntryPoint\",\"urlTemplate\":\"https:\/\/bijouti.com\/?s={search_term_string}\"},\"query-input\":{\"@type\":\"PropertyValueSpecification\",\"valueRequired\":true,\"valueName\":\"search_term_string\"}}],\"inLanguage\":\"fr-FR\"},{\"@type\":\"Organization\",\"@id\":\"https:\/\/bijouti.com\/#organization\",\"name\":\"Bijouti\",\"url\":\"https:\/\/bijouti.com\/\",\"logo\":{\"@type\":\"ImageObject\",\"inLanguage\":\"fr-FR\",\"@id\":\"https:\/\/bijouti.com\/#\/schema\/logo\/image\/\",\"url\":\"https:\/\/bijouti.com\/wp-content\/uploads\/2020\/12\/bijouti_small.png\",\"contentUrl\":\"https:\/\/bijouti.com\/wp-content\/uploads\/2020\/12\/bijouti_small.png\",\"width\":200,\"height\":60,\"caption\":\"Bijouti\"},\"image\":{\"@id\":\"https:\/\/bijouti.com\/#\/schema\/logo\/image\/\"}}]}<\/script>\n<!-- \/ Yoast SEO plugin. -->","yoast_head_json":{"title":"Conjunto Coraz\u00f3n Bohemios - Bijouti","robots":{"index":"index","follow":"follow","max-snippet":"max-snippet:-1","max-image-preview":"max-image-preview:large","max-video-preview":"max-video-preview:-1"},"canonical":"https:\/\/bijouti.com\/fr\/shop\/conjunto-corazon-bohemios\/","og_locale":"fr_FR","og_type":"article","og_title":"Conjunto Coraz\u00f3n Bohemios - Bijouti","og_description":"Conjunto Coraz\u00f3n Bohemios. Collar, Pulsera y Pendientes Coraz\u00f3n de acero inoxidable para mujer.","og_url":"https:\/\/bijouti.com\/fr\/shop\/conjunto-corazon-bohemios\/","og_site_name":"Bijouti","article_modified_time":"2024-02-10T14:20:02+00:00","og_image":[{"width":800,"height":800,"url":"https:\/\/bijouti.com\/wp-content\/uploads\/2021\/01\/set_8_1.jpg","type":"image\/jpeg"}],"twitter_card":"summary_large_image","schema":{"@context":"https:\/\/schema.org","@graph":[{"@type":"WebPage","@id":"https:\/\/bijouti.com\/fr\/shop\/conjunto-corazon-bohemios\/","url":"https:\/\/bijouti.com\/fr\/shop\/conjunto-corazon-bohemios\/","name":"Conjunto Coraz\u00f3n Bohemios - Bijouti","isPartOf":{"@id":"https:\/\/bijouti.com\/#website"},"primaryImageOfPage":{"@id":"https:\/\/bijouti.com\/fr\/shop\/conjunto-corazon-bohemios\/#primaryimage"},"image":{"@id":"https:\/\/bijouti.com\/fr\/shop\/conjunto-corazon-bohemios\/#primaryimage"},"thumbnailUrl":"https:\/\/bijouti.com\/wp-content\/uploads\/2021\/01\/set_8_1.jpg","datePublished":"2021-01-10T14:19:05+00:00","dateModified":"2024-02-10T14:20:02+00:00","breadcrumb":{"@id":"https:\/\/bijouti.com\/fr\/shop\/conjunto-corazon-bohemios\/#breadcrumb"},"inLanguage":"fr-FR","potentialAction":[{"@type":"ReadAction","target":["https:\/\/bijouti.com\/fr\/shop\/conjunto-corazon-bohemios\/"]}]},{"@type":"ImageObject","inLanguage":"fr-FR","@id":"https:\/\/bijouti.com\/fr\/shop\/conjunto-corazon-bohemios\/#primaryimage","url":"https:\/\/bijouti.com\/wp-content\/uploads\/2021\/01\/set_8_1.jpg","contentUrl":"https:\/\/bijouti.com\/wp-content\/uploads\/2021\/01\/set_8_1.jpg","width":800,"height":800},{"@type":"BreadcrumbList","@id":"https:\/\/bijouti.com\/fr\/shop\/conjunto-corazon-bohemios\/#breadcrumb","itemListElement":[{"@type":"ListItem","position":1,"name":"Portada","item":"https:\/\/bijouti.com\/"},{"@type":"ListItem","position":2,"name":"Tienda","item":"https:\/\/bijouti.com\/shop\/"},{"@type":"ListItem","position":3,"name":"Conjunto Coraz\u00f3n Bohemios"}]},{"@type":"WebSite","@id":"https:\/\/bijouti.com\/#website","url":"https:\/\/bijouti.com\/","name":"Bijouti","description":"Bijouti - Quality Jewelry","publisher":{"@id":"https:\/\/bijouti.com\/#organization"},"potentialAction":[{"@type":"SearchAction","target":{"@type":"EntryPoint","urlTemplate":"https:\/\/bijouti.com\/?s={search_term_string}"},"query-input":{"@type":"PropertyValueSpecification","valueRequired":true,"valueName":"search_term_string"}}],"inLanguage":"fr-FR"},{"@type":"Organization","@id":"https:\/\/bijouti.com\/#organization","name":"Bijouti","url":"https:\/\/bijouti.com\/","logo":{"@type":"ImageObject","inLanguage":"fr-FR","@id":"https:\/\/bijouti.com\/#\/schema\/logo\/image\/","url":"https:\/\/bijouti.com\/wp-content\/uploads\/2020\/12\/bijouti_small.png","contentUrl":"https:\/\/bijouti.com\/wp-content\/uploads\/2020\/12\/bijouti_small.png","width":200,"height":60,"caption":"Bijouti"},"image":{"@id":"https:\/\/bijouti.com\/#\/schema\/logo\/image\/"}}]}},"_links":{"self":[{"href":"https:\/\/bijouti.com\/fr\/wp-json\/wp\/v2\/product\/1476","targetHints":{"allow":["GET"]}}],"collection":[{"href":"https:\/\/bijouti.com\/fr\/wp-json\/wp\/v2\/product"}],"about":[{"href":"https:\/\/bijouti.com\/fr\/wp-json\/wp\/v2\/types\/product"}],"wp:featuredmedia":[{"embeddable":true,"href":"https:\/\/bijouti.com\/fr\/wp-json\/wp\/v2\/media\/1477"}],"wp:attachment":[{"href":"https:\/\/bijouti.com\/fr\/wp-json\/wp\/v2\/media?parent=1476"}],"wp:term":[{"taxonomy":"product_brand","embeddable":true,"href":"https:\/\/bijouti.com\/fr\/wp-json\/wp\/v2\/product_brand?post=1476"},{"taxonomy":"product_cat","embeddable":true,"href":"https:\/\/bijouti.com\/fr\/wp-json\/wp\/v2\/product_cat?post=1476"},{"taxonomy":"product_tag","embeddable":true,"href":"https:\/\/bijouti.com\/fr\/wp-json\/wp\/v2\/product_tag?post=1476"}],"curies":[{"name":"wp","href":"https:\/\/api.w.org\/{rel}","templated":true}]}}